{"id":2326,"date":"2024-09-11T10:05:02","date_gmt":"2024-09-11T08:05:02","guid":{"rendered":"https:\/\/urp.lacouleurduzebre.com\/mediathek\/"},"modified":"2025-02-16T15:36:53","modified_gmt":"2025-02-16T14:36:53","slug":"mediathek","status":"publish","type":"page","link":"https:\/\/www.upper-rhine-ports.eu\/de\/mediathek\/","title":{"rendered":"Mediathek"},"content":{"rendered":"<div class=\"wpgb-facet wpgb-loading wpgb-facet-12 wpgb-style-2\" data-facet=\"12\" data-grid=\"2\">\t<fieldset>\n\t\t<legend class=\"wpgb-facet-title wpgb-sr-only\">Type de m\u00e9dia<\/legend>\n\t\t<div class=\"wpgb-button-facet\"><ul class=\"wpgb-inline-list\"><li><div class=\"wpgb-button\" role=\"button\" aria-pressed=\"true\" tabindex=\"0\"><input type=\"hidden\" name=\"type_de_media\" value=\"\"><span class=\"wpgb-button-label\">Tous les m\u00e9dias<\/span><\/div><\/li><li><div class=\"wpgb-button\" role=\"button\" aria-pressed=\"false\" tabindex=\"0\"><input type=\"hidden\" name=\"type_de_media\" value=\"pdf\"><span class=\"wpgb-button-label\">PDF <span>(2)<\/span><\/span><\/div><\/li><li><div class=\"wpgb-button\" role=\"button\" aria-pressed=\"false\" tabindex=\"0\"><input type=\"hidden\" name=\"type_de_media\" value=\"galerie\"><span class=\"wpgb-button-label\">Galerie <span>(1)<\/span><\/span><\/div><\/li><li><div class=\"wpgb-button\" role=\"button\" aria-pressed=\"false\" tabindex=\"0\"><input type=\"hidden\" name=\"type_de_media\" value=\"video\"><span class=\"wpgb-button-label\">Vid\u00e9o <span>(1)<\/span><\/span><\/div><\/li><\/ul><\/div>\t<\/fieldset>\n\t<\/div>\n\n<div class=\"wpgb-facet wpgb-loading wpgb-facet-11 wpgb-style-2\" data-facet=\"11\" data-grid=\"2\">\t<fieldset>\n\t\t<legend class=\"wpgb-facet-title wpgb-sr-only\">Filtrer par projet<\/legend>\n\t\t<div class=\"wpgb-button-facet\"><ul class=\"wpgb-inline-list\"><li><div class=\"wpgb-button\" role=\"button\" aria-pressed=\"true\" tabindex=\"0\"><input type=\"hidden\" name=\"filtrer_par_projet\" value=\"\"><span class=\"wpgb-button-label\">Tous les projets<\/span><\/div><\/li><li><div class=\"wpgb-button\" role=\"button\" aria-pressed=\"false\" tabindex=\"0\"><input type=\"hidden\" name=\"filtrer_par_projet\" value=\"crane\"><span class=\"wpgb-button-label\">CRANE <span>(1)<\/span><\/span><\/div><\/li><li><div class=\"wpgb-button\" role=\"button\" aria-pressed=\"false\" tabindex=\"0\"><input type=\"hidden\" name=\"filtrer_par_projet\" value=\"mie-plateforme-de-gestion-des-trafics-du-rhin-superieure\"><span class=\"wpgb-button-label\">MIE \u201cPlateforme de gestion des trafics du Rhin Sup\u00e9rieur\u00e9\u201d <span>(1)<\/span><\/span><\/div><\/li><\/ul><\/div>\t<\/fieldset>\n\t<\/div>\n\n<!-- Gridbuilder \u1d42\u1d3e Plugin (https:\/\/wpgridbuilder.com) -->\n<div class=\"wp-grid-builder wpgb-grid-2\" data-options=\"{&quot;id&quot;:2,&quot;type&quot;:&quot;masonry&quot;,&quot;source&quot;:&quot;post_type&quot;,&quot;loader&quot;:true,&quot;layout&quot;:&quot;vertical&quot;,&quot;reveal&quot;:1,&quot;isMainQuery&quot;:0,&quot;lazyLoad&quot;:true,&quot;cardSizes&quot;:{&quot;9999&quot;:{&quot;columns&quot;:3,&quot;height&quot;:240,&quot;gutter&quot;:18,&quot;ratio&quot;:&quot;1.33333&quot;},&quot;1200&quot;:{&quot;columns&quot;:3,&quot;height&quot;:240,&quot;gutter&quot;:18,&quot;ratio&quot;:&quot;1.33333&quot;},&quot;992&quot;:{&quot;columns&quot;:2,&quot;height&quot;:220,&quot;gutter&quot;:18,&quot;ratio&quot;:&quot;1.33333&quot;},&quot;768&quot;:{&quot;columns&quot;:2,&quot;height&quot;:220,&quot;gutter&quot;:18,&quot;ratio&quot;:&quot;1.33333&quot;},&quot;576&quot;:{&quot;columns&quot;:1,&quot;height&quot;:200,&quot;gutter&quot;:8,&quot;ratio&quot;:&quot;1.33333&quot;},&quot;320&quot;:{&quot;columns&quot;:1,&quot;height&quot;:200,&quot;gutter&quot;:8,&quot;ratio&quot;:&quot;1.33333&quot;}},&quot;fitRows&quot;:false,&quot;equalRows&quot;:0,&quot;equalColumns&quot;:true,&quot;fillLastRow&quot;:0,&quot;centerLastRow&quot;:0,&quot;horizontalOrder&quot;:false,&quot;fullWidth&quot;:false,&quot;transitionDelay&quot;:60,&quot;gallerySlideshow&quot;:true,&quot;rowsNumber&quot;:1,&quot;slideAlign&quot;:&quot;left&quot;,&quot;groupCells&quot;:1,&quot;draggable&quot;:true,&quot;initialIndex&quot;:0,&quot;contain&quot;:false,&quot;freeScroll&quot;:false,&quot;freeFriction&quot;:&quot;0.075&quot;,&quot;friction&quot;:&quot;0.285&quot;,&quot;attraction&quot;:&quot;0.025&quot;,&quot;autoPlay&quot;:0,&quot;pageDotAriaLabel&quot;:&quot;Page dot %d&quot;,&quot;isPreview&quot;:false,&quot;isGutenberg&quot;:false,&quot;rightToLeft&quot;:false}\"><div class=\"wpgb-svg-icons\" hidden>\n\t<svg viewBox=\"0 0 120 24\" width=\"0\" height=\"0\">\n\t<defs>\n        <polygon id=\"wpgb-star-svg\" points=\"12 2.5 15.1 8.8 22 9.8 17 14.6 18.2 21.5 12 18.3 5.8 21.5 7 14.6 2 9.8 8.9 8.8\"><\/polygon>\n    <\/defs>\n    <symbol id=\"wpgb-rating-stars-svg\">\n        <use xlink:href=\"#wpgb-star-svg\"><\/use>\n        <use xlink:href=\"#wpgb-star-svg\" x=\"24\"><\/use>\n        <use xlink:href=\"#wpgb-star-svg\" x=\"48\"><\/use>\n        <use xlink:href=\"#wpgb-star-svg\" x=\"72\"><\/use>\n        <use xlink:href=\"#wpgb-star-svg\" x=\"96\"><\/use>\n    <\/symbol>\n<\/svg>\n<\/div>\n<div class=\"wpgb-wrapper\">\n\t<div class=\"wpgb-main\">\n\t<div class=\"wpgb-layout\">\n\t<div class=\"wpgb-viewport\">\n\t\t<div class=\"wpgb-masonry\">\n\t\t\t<article class=\"wpgb-card wpgb-card-default wpgb-post-2239 wpgb-card-hidden\" data-col=\"1\" data-row=\"1\" data-format=\"standard\"><div class=\"wpgb-card-wrapper\"><div class=\"wpgb-card-inner\"><div class=\"wpgb-card-media wpgb-scheme-light\"><svg data-ratio style=\"padding-top:75%\" viewBox=\"0 0 4 3\"><\/svg><div class=\"wpgb-card-media-thumbnail\"><a href=\"https:\/\/www.upper-rhine-ports.eu\/wp-content\/uploads\/2024\/10\/Rectangle-850-1.png\" tabindex=\"-1\" class=\"wpgb-handle-lb wpgb-lightbox\" data-type=\"image\" data-rel=\"2\" title=\"Enlarge photo\"><div class=\"wpgb-lazy-load wpgb-lazy-spinner\" data-wpgb-thumb=\"\" data-wpgb-src=\"https:\/\/www.upper-rhine-ports.eu\/wp-content\/uploads\/2024\/10\/Rectangle-850-1-768x543.png\"><\/div><noscript><img loading=\"lazy\" decoding=\"async\" class=\"wpgb-noscript-img\" src=\"https:\/\/www.upper-rhine-ports.eu\/wp-content\/uploads\/2024\/10\/Rectangle-850-1-768x543.png\" alt=\"\" height=\"543\" width=\"768\"><\/noscript><\/a><\/div><\/div><\/div><\/div><\/article><article class=\"wpgb-card wpgb-card-19 wpgb-post-655 wpgb-card-hidden\" data-col=\"1\" data-row=\"1\" data-format=\"standard\"><div class=\"wpgb-card-wrapper\"><div class=\"wpgb-card-inner\" data-action><div class=\"wpgb-card-media wpgb-scheme-light\"><svg data-ratio style=\"padding-top:75%\" viewBox=\"0 0 4 3\"><\/svg><div class=\"wpgb-card-media-thumbnail\"><a href=\"https:\/\/www.upper-rhine-ports.eu\/wp-content\/uploads\/2024\/10\/Rectangle-850-1.png\" tabindex=\"-1\" class=\"wpgb-handle-lb wpgb-lightbox\" data-type=\"image\" data-rel=\"2\" title=\"Enlarge photo\"><div class=\"wpgb-lazy-load wpgb-lazy-spinner\" data-wpgb-thumb=\"\" data-wpgb-src=\"https:\/\/www.upper-rhine-ports.eu\/wp-content\/uploads\/2024\/10\/Rectangle-850-1-768x543.png\"><\/div><noscript><img loading=\"lazy\" decoding=\"async\" class=\"wpgb-noscript-img\" src=\"https:\/\/www.upper-rhine-ports.eu\/wp-content\/uploads\/2024\/10\/Rectangle-850-1-768x543.png\" alt=\"\" height=\"543\" width=\"768\"><\/noscript><\/a><\/div><\/div><div class=\"wpgb-card-content wpgb-scheme-dark\"><div class=\"wpgb-card-footer\"><h3 class=\"wpgb-block-1 wpgb-card-media-button\">PDF<\/h3><div class=\"wpgb-block-5\"><span class=\"wpgb-block-term\" data-id=\"33\">MIE \u201cPlateforme de gestion des trafics du Rhin Sup\u00e9rieur\u00e9\u201d<\/span><span>, <\/span><span class=\"wpgb-block-term\" data-id=\"36\">PDF<\/span><\/div><div class=\"wpgb-block-2\"><a class=\"wpgb-block-7\" href=\"https:\/\/www.upper-rhine-ports.eu\/de\/mediatheque\/pdf\/\">ouvrir le pdf<\/a><\/div><\/div><\/div><a class=\"wpgb-card-layer-link\" target=\"_self\" href=\"https:\/\/www.upper-rhine-ports.eu\/de\/mediatheque\/pdf\/\"><\/a><\/div><\/div><\/article><article class=\"wpgb-card wpgb-card-25 wpgb-post-404 wpgb-card-hidden\" data-col=\"1\" data-row=\"1\" data-format=\"standard\"><div class=\"wpgb-card-wrapper\"><div class=\"wpgb-card-inner\" data-action><div class=\"wpgb-card-media wpgb-scheme-light\"><svg data-ratio style=\"padding-top:75%\" viewBox=\"0 0 4 3\"><\/svg><div class=\"wpgb-card-media-thumbnail\"><a href=\"https:\/\/www.upper-rhine-ports.eu\/wp-content\/uploads\/2024\/10\/Rectangle-850-1.png\" tabindex=\"-1\" class=\"wpgb-handle-lb wpgb-lightbox\" data-type=\"image\" data-rel=\"2\" title=\"Enlarge photo\"><div class=\"wpgb-lazy-load wpgb-lazy-spinner\" data-wpgb-thumb=\"\" data-wpgb-src=\"https:\/\/www.upper-rhine-ports.eu\/wp-content\/uploads\/2024\/10\/Rectangle-850-1-768x543.png\"><\/div><noscript><img loading=\"lazy\" decoding=\"async\" class=\"wpgb-noscript-img\" src=\"https:\/\/www.upper-rhine-ports.eu\/wp-content\/uploads\/2024\/10\/Rectangle-850-1-768x543.png\" alt=\"\" height=\"543\" width=\"768\"><\/noscript><\/a><\/div><\/div><div class=\"wpgb-card-content wpgb-scheme-dark\"><div class=\"wpgb-card-footer\"><h3 class=\"wpgb-block-1\">Galerie Photo test<\/h3><div class=\"wpgb-block-5\"><span class=\"wpgb-block-term\" data-id=\"37\">Galerie<\/span><\/div><a class=\"wpgb-block-7\" href=\"https:\/\/www.upper-rhine-ports.eu\/de\/mediatheque\/galerie-photo\/\">Voir Les photos<\/a><\/div><\/div><a class=\"wpgb-card-layer-link\" target=\"_self\" href=\"https:\/\/www.upper-rhine-ports.eu\/de\/mediatheque\/galerie-photo\/\"><\/a><\/div><\/div><\/article><article class=\"wpgb-card wpgb-card-19 wpgb-post-395 wpgb-card-hidden\" data-col=\"1\" data-row=\"1\" data-format=\"standard\"><div class=\"wpgb-card-wrapper\"><div class=\"wpgb-card-inner\" data-action><div class=\"wpgb-card-media wpgb-scheme-light\"><svg data-ratio style=\"padding-top:75%\" viewBox=\"0 0 4 3\"><\/svg><div class=\"wpgb-card-media-thumbnail\"><a href=\"https:\/\/www.upper-rhine-ports.eu\/wp-content\/uploads\/2024\/10\/Rectangle-850-1.png\" tabindex=\"-1\" class=\"wpgb-handle-lb wpgb-lightbox\" data-type=\"image\" data-rel=\"2\" title=\"Enlarge photo\"><div class=\"wpgb-lazy-load wpgb-lazy-spinner\" data-wpgb-thumb=\"\" data-wpgb-src=\"https:\/\/www.upper-rhine-ports.eu\/wp-content\/uploads\/2024\/10\/Rectangle-850-1-768x543.png\"><\/div><noscript><img loading=\"lazy\" decoding=\"async\" class=\"wpgb-noscript-img\" src=\"https:\/\/www.upper-rhine-ports.eu\/wp-content\/uploads\/2024\/10\/Rectangle-850-1-768x543.png\" alt=\"\" height=\"543\" width=\"768\"><\/noscript><\/a><\/div><\/div><div class=\"wpgb-card-content wpgb-scheme-dark\"><div class=\"wpgb-card-footer\"><h3 class=\"wpgb-block-1 wpgb-card-media-button\">Test pdf &#8211; m\u00e9diath\u00e8que ACF<\/h3><div class=\"wpgb-block-5\"><span class=\"wpgb-block-term\" data-id=\"31\">CRANE<\/span><span>, <\/span><span class=\"wpgb-block-term\" data-id=\"36\">PDF<\/span><\/div><div class=\"wpgb-block-2\"><a class=\"wpgb-block-7\" href=\"https:\/\/www.upper-rhine-ports.eu\/de\/mediatheque\/test-pdf-mediatheque-acf\/\">ouvrir le pdf<\/a><\/div><\/div><\/div><a class=\"wpgb-card-layer-link\" target=\"_self\" href=\"https:\/\/www.upper-rhine-ports.eu\/de\/mediatheque\/test-pdf-mediatheque-acf\/\"><\/a><\/div><\/div><\/article><article class=\"wpgb-card wpgb-card-26 wpgb-post-394 wpgb-card-hidden\" data-col=\"1\" data-row=\"1\" data-format=\"standard\"><div class=\"wpgb-card-wrapper\"><div class=\"wpgb-card-inner\" data-action><div class=\"wpgb-card-media wpgb-scheme-light\"><svg data-ratio style=\"padding-top:75%\" viewBox=\"0 0 4 3\"><\/svg><div class=\"wpgb-card-media-thumbnail\"><a href=\"https:\/\/www.upper-rhine-ports.eu\/wp-content\/uploads\/2024\/10\/Rectangle-850-1.png\" tabindex=\"-1\" class=\"wpgb-handle-lb wpgb-lightbox\" data-type=\"image\" data-rel=\"2\" title=\"Enlarge photo\"><div class=\"wpgb-lazy-load wpgb-lazy-spinner\" data-wpgb-thumb=\"\" data-wpgb-src=\"https:\/\/www.upper-rhine-ports.eu\/wp-content\/uploads\/2024\/10\/Rectangle-850-1-768x543.png\"><\/div><noscript><img loading=\"lazy\" decoding=\"async\" class=\"wpgb-noscript-img\" src=\"https:\/\/www.upper-rhine-ports.eu\/wp-content\/uploads\/2024\/10\/Rectangle-850-1-768x543.png\" alt=\"\" height=\"543\" width=\"768\"><\/noscript><\/a><\/div><div class=\"wpgb-card-media-content\"><div class=\"wpgb-card-media-content-top\"><p class=\"wpgb-block-2\">.<\/p><\/div><\/div><\/div><div class=\"wpgb-card-content wpgb-scheme-dark\"><div class=\"wpgb-card-body\"><h3 class=\"wpgb-block-1 wpgb-card-media-button\">Test vid\u00e9o &#8211; m\u00e9diath\u00e8que ACF<\/h3><div class=\"wpgb-block-5\"><span class=\"wpgb-block-term\" data-id=\"35\">Vid\u00e9o<\/span><\/div><a class=\"wpgb-block-7\" target=\"_blank\" rel=\"external noopener noreferrer\" href=\"https:\/\/www.youtube.com\/watch?app=desktop&#038;v=4V_MP4uy0KI\">Lire la vid\u00e9o<\/a><\/div><\/div><\/div><\/div><\/article>\t\t<\/div>\n\t<\/div>\n\t<div class=\"wpgb-loader\">\n\t<div class=\"wpgb-loader-18\">\n\t\t<div><\/div><div><\/div><div><\/div><div><\/div>\t<\/div>\n<\/div>\n<\/div>\n\t<\/div>\n\t\t<\/div>\n<\/div>\n\n","protected":false},"excerpt":{"rendered":"","protected":false},"author":1,"featured_media":0,"parent":0,"menu_order":0,"comment_status":"closed","ping_status":"closed","template":"","meta":{"_acf_changed":false,"inline_featured_image":false,"_uag_custom_page_level_css":"","footnotes":""},"folder":[],"class_list":["post-2326","page","type-page","status-publish","hentry"],"acf":[],"mb":[],"yoast_head":"<!-- This site is optimized with the Yoast SEO plugin v27.3 - https:\/\/yoast.com\/product\/yoast-seo-wordpress\/ -->\n<title>Mediathek - Upper Rhine Ports<\/title>\n<meta name=\"robots\" content=\"index, follow, max-snippet:-1, max-image-preview:large, max-video-preview:-1\" \/>\n<link rel=\"canonical\" href=\"https:\/\/www.upper-rhine-ports.eu\/de\/mediathek\/\" \/>\n<meta property=\"og:locale\" content=\"de_DE\" \/>\n<meta property=\"og:type\" content=\"article\" \/>\n<meta property=\"og:title\" content=\"Mediathek - Upper Rhine Ports\" \/>\n<meta property=\"og:url\" content=\"https:\/\/www.upper-rhine-ports.eu\/de\/mediathek\/\" \/>\n<meta property=\"og:site_name\" content=\"Upper Rhine Ports\" \/>\n<meta property=\"article:modified_time\" content=\"2025-02-16T14:36:53+00:00\" \/>\n<meta name=\"twitter:card\" content=\"summary_large_image\" \/>\n<script type=\"application\/ld+json\" class=\"yoast-schema-graph\">{\"@context\":\"https:\\\/\\\/schema.org\",\"@graph\":[{\"@type\":\"WebPage\",\"@id\":\"https:\\\/\\\/www.upper-rhine-ports.eu\\\/de\\\/mediathek\\\/\",\"url\":\"https:\\\/\\\/www.upper-rhine-ports.eu\\\/de\\\/mediathek\\\/\",\"name\":\"Mediathek - Upper Rhine Ports\",\"isPartOf\":{\"@id\":\"https:\\\/\\\/www.upper-rhine-ports.eu\\\/de\\\/#website\"},\"datePublished\":\"2024-09-11T08:05:02+00:00\",\"dateModified\":\"2025-02-16T14:36:53+00:00\",\"breadcrumb\":{\"@id\":\"https:\\\/\\\/www.upper-rhine-ports.eu\\\/de\\\/mediathek\\\/#breadcrumb\"},\"inLanguage\":\"de\",\"potentialAction\":[{\"@type\":\"ReadAction\",\"target\":[\"https:\\\/\\\/www.upper-rhine-ports.eu\\\/de\\\/mediathek\\\/\"]}]},{\"@type\":\"BreadcrumbList\",\"@id\":\"https:\\\/\\\/www.upper-rhine-ports.eu\\\/de\\\/mediathek\\\/#breadcrumb\",\"itemListElement\":[{\"@type\":\"ListItem\",\"position\":1,\"name\":\"Accueil\",\"item\":\"https:\\\/\\\/www.upper-rhine-ports.eu\\\/de\\\/\"},{\"@type\":\"ListItem\",\"position\":2,\"name\":\"Mediathek\"}]},{\"@type\":\"WebSite\",\"@id\":\"https:\\\/\\\/www.upper-rhine-ports.eu\\\/de\\\/#website\",\"url\":\"https:\\\/\\\/www.upper-rhine-ports.eu\\\/de\\\/\",\"name\":\"Upper Rhine Ports\",\"description\":\"\",\"publisher\":{\"@id\":\"https:\\\/\\\/www.upper-rhine-ports.eu\\\/de\\\/#organization\"},\"potentialAction\":[{\"@type\":\"SearchAction\",\"target\":{\"@type\":\"EntryPoint\",\"urlTemplate\":\"https:\\\/\\\/www.upper-rhine-ports.eu\\\/de\\\/?s={search_term_string}\"},\"query-input\":{\"@type\":\"PropertyValueSpecification\",\"valueRequired\":true,\"valueName\":\"search_term_string\"}}],\"inLanguage\":\"de\"},{\"@type\":\"Organization\",\"@id\":\"https:\\\/\\\/www.upper-rhine-ports.eu\\\/de\\\/#organization\",\"name\":\"Upper Rhine Ports\",\"url\":\"https:\\\/\\\/www.upper-rhine-ports.eu\\\/de\\\/\",\"logo\":{\"@type\":\"ImageObject\",\"inLanguage\":\"de\",\"@id\":\"https:\\\/\\\/www.upper-rhine-ports.eu\\\/de\\\/#\\\/schema\\\/logo\\\/image\\\/\",\"url\":\"https:\\\/\\\/www.upper-rhine-ports.eu\\\/wp-content\\\/uploads\\\/2025\\\/04\\\/URPlogo-1.png\",\"contentUrl\":\"https:\\\/\\\/www.upper-rhine-ports.eu\\\/wp-content\\\/uploads\\\/2025\\\/04\\\/URPlogo-1.png\",\"width\":300,\"height\":245,\"caption\":\"Upper Rhine Ports\"},\"image\":{\"@id\":\"https:\\\/\\\/www.upper-rhine-ports.eu\\\/de\\\/#\\\/schema\\\/logo\\\/image\\\/\"}}]}<\/script>\n<!-- \/ Yoast SEO plugin. -->","yoast_head_json":{"title":"Mediathek - Upper Rhine Ports","robots":{"index":"index","follow":"follow","max-snippet":"max-snippet:-1","max-image-preview":"max-image-preview:large","max-video-preview":"max-video-preview:-1"},"canonical":"https:\/\/www.upper-rhine-ports.eu\/de\/mediathek\/","og_locale":"de_DE","og_type":"article","og_title":"Mediathek - Upper Rhine Ports","og_url":"https:\/\/www.upper-rhine-ports.eu\/de\/mediathek\/","og_site_name":"Upper Rhine Ports","article_modified_time":"2025-02-16T14:36:53+00:00","twitter_card":"summary_large_image","schema":{"@context":"https:\/\/schema.org","@graph":[{"@type":"WebPage","@id":"https:\/\/www.upper-rhine-ports.eu\/de\/mediathek\/","url":"https:\/\/www.upper-rhine-ports.eu\/de\/mediathek\/","name":"Mediathek - Upper Rhine Ports","isPartOf":{"@id":"https:\/\/www.upper-rhine-ports.eu\/de\/#website"},"datePublished":"2024-09-11T08:05:02+00:00","dateModified":"2025-02-16T14:36:53+00:00","breadcrumb":{"@id":"https:\/\/www.upper-rhine-ports.eu\/de\/mediathek\/#breadcrumb"},"inLanguage":"de","potentialAction":[{"@type":"ReadAction","target":["https:\/\/www.upper-rhine-ports.eu\/de\/mediathek\/"]}]},{"@type":"BreadcrumbList","@id":"https:\/\/www.upper-rhine-ports.eu\/de\/mediathek\/#breadcrumb","itemListElement":[{"@type":"ListItem","position":1,"name":"Accueil","item":"https:\/\/www.upper-rhine-ports.eu\/de\/"},{"@type":"ListItem","position":2,"name":"Mediathek"}]},{"@type":"WebSite","@id":"https:\/\/www.upper-rhine-ports.eu\/de\/#website","url":"https:\/\/www.upper-rhine-ports.eu\/de\/","name":"Upper Rhine Ports","description":"","publisher":{"@id":"https:\/\/www.upper-rhine-ports.eu\/de\/#organization"},"potentialAction":[{"@type":"SearchAction","target":{"@type":"EntryPoint","urlTemplate":"https:\/\/www.upper-rhine-ports.eu\/de\/?s={search_term_string}"},"query-input":{"@type":"PropertyValueSpecification","valueRequired":true,"valueName":"search_term_string"}}],"inLanguage":"de"},{"@type":"Organization","@id":"https:\/\/www.upper-rhine-ports.eu\/de\/#organization","name":"Upper Rhine Ports","url":"https:\/\/www.upper-rhine-ports.eu\/de\/","logo":{"@type":"ImageObject","inLanguage":"de","@id":"https:\/\/www.upper-rhine-ports.eu\/de\/#\/schema\/logo\/image\/","url":"https:\/\/www.upper-rhine-ports.eu\/wp-content\/uploads\/2025\/04\/URPlogo-1.png","contentUrl":"https:\/\/www.upper-rhine-ports.eu\/wp-content\/uploads\/2025\/04\/URPlogo-1.png","width":300,"height":245,"caption":"Upper Rhine Ports"},"image":{"@id":"https:\/\/www.upper-rhine-ports.eu\/de\/#\/schema\/logo\/image\/"}}]}},"uagb_featured_image_src":{"full":false,"thumbnail":false,"medium":false,"medium_large":false,"large":false,"1536x1536":false,"2048x2048":false,"wp_grid_builder_size_1":false},"uagb_author_info":{"display_name":"adminlcdz","author_link":"https:\/\/www.upper-rhine-ports.eu\/de\/author\/adminlcdz\/"},"uagb_comment_info":0,"uagb_excerpt":null,"mfb_rest_fields":["title","yoast_head","yoast_head_json","uagb_featured_image_src","uagb_author_info","uagb_comment_info","uagb_excerpt"],"_links":{"self":[{"href":"https:\/\/www.upper-rhine-ports.eu\/de\/wp-json\/wp\/v2\/pages\/2326","targetHints":{"allow":["GET"]}}],"collection":[{"href":"https:\/\/www.upper-rhine-ports.eu\/de\/wp-json\/wp\/v2\/pages"}],"about":[{"href":"https:\/\/www.upper-rhine-ports.eu\/de\/wp-json\/wp\/v2\/types\/page"}],"author":[{"embeddable":true,"href":"https:\/\/www.upper-rhine-ports.eu\/de\/wp-json\/wp\/v2\/users\/1"}],"replies":[{"embeddable":true,"href":"https:\/\/www.upper-rhine-ports.eu\/de\/wp-json\/wp\/v2\/comments?post=2326"}],"version-history":[{"count":1,"href":"https:\/\/www.upper-rhine-ports.eu\/de\/wp-json\/wp\/v2\/pages\/2326\/revisions"}],"predecessor-version":[{"id":2327,"href":"https:\/\/www.upper-rhine-ports.eu\/de\/wp-json\/wp\/v2\/pages\/2326\/revisions\/2327"}],"wp:attachment":[{"href":"https:\/\/www.upper-rhine-ports.eu\/de\/wp-json\/wp\/v2\/media?parent=2326"}],"wp:term":[{"taxonomy":"folder","embeddable":true,"href":"https:\/\/www.upper-rhine-ports.eu\/de\/wp-json\/wp\/v2\/folder?post=2326"}],"curies":[{"name":"wp","href":"https:\/\/api.w.org\/{rel}","templated":true}]}}