{"id":2301,"date":"2024-09-11T10:04:20","date_gmt":"2024-09-11T08:04:20","guid":{"rendered":"https:\/\/urp.lacouleurduzebre.com\/verkehrsmanagementplattform-oberrhein\/"},"modified":"2025-02-05T11:24:17","modified_gmt":"2025-02-05T10:24:17","slug":"verkehrsmanagementplattform-oberrhein","status":"publish","type":"page","link":"https:\/\/www.upper-rhine-ports.eu\/de\/verkehrsmanagementplattform-oberrhein\/","title":{"rendered":"\u201eVerkehrsmanagementplattform Oberrhein\u201c"},"content":{"rendered":"\n<div class=\"wp-block-cover alignfull is-light\" style=\"min-height:450px;aspect-ratio:unset;\"><span aria-hidden=\"true\" class=\"wp-block-cover__background has-background-dim-0 has-background-dim\" style=\"background-color:#abb2b1\"><\/span><img loading=\"lazy\" decoding=\"async\" width=\"2560\" height=\"1707\" class=\"wp-block-cover__image-background wp-image-1778\" alt=\"\" src=\"https:\/\/www.upper-rhine-ports.eu\/wp-content\/uploads\/2024\/12\/Upper-Rhine-Ports-Strasbourg-02-scaled.jpg\" style=\"object-position:51% 76%\" data-object-fit=\"cover\" data-object-position=\"51% 76%\" srcset=\"https:\/\/www.upper-rhine-ports.eu\/wp-content\/uploads\/2024\/12\/Upper-Rhine-Ports-Strasbourg-02-scaled.jpg 2560w, https:\/\/www.upper-rhine-ports.eu\/wp-content\/uploads\/2024\/12\/Upper-Rhine-Ports-Strasbourg-02-300x200.jpg 300w, https:\/\/www.upper-rhine-ports.eu\/wp-content\/uploads\/2024\/12\/Upper-Rhine-Ports-Strasbourg-02-1024x683.jpg 1024w, https:\/\/www.upper-rhine-ports.eu\/wp-content\/uploads\/2024\/12\/Upper-Rhine-Ports-Strasbourg-02-768x512.jpg 768w, https:\/\/www.upper-rhine-ports.eu\/wp-content\/uploads\/2024\/12\/Upper-Rhine-Ports-Strasbourg-02-1536x1024.jpg 1536w, https:\/\/www.upper-rhine-ports.eu\/wp-content\/uploads\/2024\/12\/Upper-Rhine-Ports-Strasbourg-02-2048x1365.jpg 2048w\" sizes=\"auto, (max-width: 2560px) 100vw, 2560px\" \/><div class=\"wp-block-cover__inner-container has-global-padding is-layout-constrained wp-block-cover-is-layout-constrained\">\n<p class=\"has-text-align-center has-large-font-size\"><\/p>\n<\/div><\/div>\n\n<h2 class=\"wp-block-heading\">Ein gro\u00dfer Schritt f\u00fcr die Digitalisierung von Binnenh\u00e4fen<\/h2>\n\n<p>Von 2014 bis 2018 war das <strong>Pilotprojekt Upper Rhine Traffic Management Platform<\/strong>, das vom europ\u00e4ischen Programm CEF (Connecting Europe Facility) unterst\u00fctzt wurde, ein entscheidender Schritt f\u00fcr die H\u00e4fen am Oberrhein. Mit einem Budget von fast 2 Millionen Euro wurde im Rahmen dieses Projekts das <strong>RheinPorts Information System (RPIS)<\/strong> entwickelt, die erste gemeinschaftliche digitale Plattform f\u00fcr die Binnenschifffahrt.<\/p>\n\n<h2 class=\"wp-block-heading\">Eine Plattform im Dienste einer effizienten und nachhaltigen Logistik<\/h2>\n\n<p>RPIS revolutioniert das Management des Schiffsverkehrs durch :<\/p>\n\n<ul class=\"wp-block-list\">\n<li><strong>Optimierung von Logistikprozessen<\/strong>, die Wartezeiten verk\u00fcrzt und den Datenaustausch in Echtzeit f\u00f6rdert.<\/li>\n\n\n\n<li><strong>St\u00e4rkung der Wettbewerbsf\u00e4higkeit<\/strong> der H\u00e4fen, wodurch die Binnenschifffahrt im Vergleich zu anderen Transportarten attraktiver wird.<\/li>\n\n\n\n<li><strong>Reduzierung der CO2-Emissionen<\/strong>, durch eine bessere Planung der Warenstr\u00f6me und die Vermeidung von Stau.<\/li>\n<\/ul>\n\n<div class=\"wp-block-cover alignfull is-light\" style=\"min-height:450px;aspect-ratio:unset;\"><span aria-hidden=\"true\" class=\"wp-block-cover__background has-background-dim-0 has-background-dim\" style=\"background-color:#9b9698\"><\/span><img loading=\"lazy\" decoding=\"async\" width=\"2560\" height=\"1707\" class=\"wp-block-cover__image-background wp-image-1796\" alt=\"\" src=\"https:\/\/www.upper-rhine-ports.eu\/wp-content\/uploads\/2024\/12\/Loic_Chalmandrier_Accent_Visuel-7-scaled.jpg\" style=\"object-position:51% 48%\" data-object-fit=\"cover\" data-object-position=\"51% 48%\" srcset=\"https:\/\/www.upper-rhine-ports.eu\/wp-content\/uploads\/2024\/12\/Loic_Chalmandrier_Accent_Visuel-7-scaled.jpg 2560w, https:\/\/www.upper-rhine-ports.eu\/wp-content\/uploads\/2024\/12\/Loic_Chalmandrier_Accent_Visuel-7-300x200.jpg 300w, https:\/\/www.upper-rhine-ports.eu\/wp-content\/uploads\/2024\/12\/Loic_Chalmandrier_Accent_Visuel-7-1024x683.jpg 1024w, https:\/\/www.upper-rhine-ports.eu\/wp-content\/uploads\/2024\/12\/Loic_Chalmandrier_Accent_Visuel-7-768x512.jpg 768w, https:\/\/www.upper-rhine-ports.eu\/wp-content\/uploads\/2024\/12\/Loic_Chalmandrier_Accent_Visuel-7-1536x1024.jpg 1536w, https:\/\/www.upper-rhine-ports.eu\/wp-content\/uploads\/2024\/12\/Loic_Chalmandrier_Accent_Visuel-7-2048x1365.jpg 2048w\" sizes=\"auto, (max-width: 2560px) 100vw, 2560px\" \/><div class=\"wp-block-cover__inner-container has-global-padding is-layout-constrained wp-block-cover-is-layout-constrained\">\n<p class=\"has-text-align-center has-large-font-size\"><\/p>\n<\/div><\/div>\n\n<h2 class=\"wp-block-heading\">Meilensteine f\u00fcr eine erfolgreiche Umsetzung<\/h2>\n\n<p><strong>Pilotstart in Basel, Mulhouse und Weil<\/strong>.&#13;\nDrei innovative Module wurden eingesetzt:<\/p>\n\n<ul class=\"wp-block-list\">\n<li><strong>Koordinierung von Schiffsanl\u00e4ufen<\/strong>: Ein digitales Reservierungssystem f\u00fcr Binnenschiffe.<\/li>\n\n\n\n<li><strong>Zentrale Verwaltung von Containerdaten<\/strong>.<\/li>\n\n\n\n<li><strong>Automatisierung der Zollerkl\u00e4rungen<\/strong> zur Vereinfachung des grenz\u00fcberschreitenden Verkehrs.<\/li>\n<\/ul>\n\n<p><strong>Erweiterung der Plattform<\/strong>.&#13;\nIm Rahmen einer Machbarkeitsstudie wurde das RPIS an die spezifischen Bed\u00fcrfnisse der anderen Partnerh\u00e4fen wie Stra\u00dfburg, Karlsruhe, Mannheim und Colmar\/Neuf-Brisach angepasst.<\/p>\n\n<p><strong>Erkundung zuk\u00fcnftiger Erweiterungen<\/strong>.&#13;\nDas Projekt hat den Grundstein daf\u00fcr gelegt, andere Arten von G\u00fctern einzubeziehen, verschiedene Verkehrstr\u00e4ger zu integrieren und auf andere europ\u00e4ische Wasserstra\u00dfen auszudehnen.<\/p>\n\n<h2 class=\"wp-block-heading\">Nachhaltige Auswirkungen f\u00fcr die Binnenschifffahrt<\/h2>\n\n<p>RPIS ist das Ergebnis einer grenz\u00fcberschreitenden Zusammenarbeit von 9 H\u00e4fen am Oberrhein und gilt heute als internationale Referenz f\u00fcr die Digitalisierung von Binnenh\u00e4fen. Inspiriert von den Seehafensystemen (Port Community Systems), ist es an die Besonderheiten der Binnenschifffahrt angepasst und erf\u00fcllt die Bed\u00fcrfnisse der Betreiber, Hafenbeh\u00f6rden und Industrie.<\/p>\n\n<div class=\"wp-block-cover alignfull is-light\" style=\"min-height:450px;aspect-ratio:unset;\"><span aria-hidden=\"true\" class=\"wp-block-cover__background has-background-dim-0 has-background-dim\" style=\"background-color:#9ba098\"><\/span><img loading=\"lazy\" decoding=\"async\" width=\"1618\" height=\"1080\" class=\"wp-block-cover__image-background wp-image-686\" alt=\"\" src=\"https:\/\/www.upper-rhine-ports.eu\/wp-content\/uploads\/2024\/10\/Upper-Rhine-Ports-Basel-02.jpg\" style=\"object-position:64% 38%\" data-object-fit=\"cover\" data-object-position=\"64% 38%\" srcset=\"https:\/\/www.upper-rhine-ports.eu\/wp-content\/uploads\/2024\/10\/Upper-Rhine-Ports-Basel-02.jpg 1618w, https:\/\/www.upper-rhine-ports.eu\/wp-content\/uploads\/2024\/10\/Upper-Rhine-Ports-Basel-02-300x200.jpg 300w, https:\/\/www.upper-rhine-ports.eu\/wp-content\/uploads\/2024\/10\/Upper-Rhine-Ports-Basel-02-1024x684.jpg 1024w, https:\/\/www.upper-rhine-ports.eu\/wp-content\/uploads\/2024\/10\/Upper-Rhine-Ports-Basel-02-768x513.jpg 768w, https:\/\/www.upper-rhine-ports.eu\/wp-content\/uploads\/2024\/10\/Upper-Rhine-Ports-Basel-02-1536x1025.jpg 1536w\" sizes=\"auto, (max-width: 1618px) 100vw, 1618px\" \/><div class=\"wp-block-cover__inner-container has-global-padding is-layout-constrained wp-block-cover-is-layout-constrained\">\n<p class=\"has-text-align-center has-large-font-size\"><\/p>\n<\/div><\/div>\n\n<h2 class=\"wp-block-heading\">Ein von kollektiver Innovation getragener Erfolg<\/h2>\n\n<p>Dieses Projekt brachte strategische Partner wie <strong>RheinPorts GmbH<\/strong>, den Port autonome de Strasbourg und die H\u00e4fen von Ludwigshafen, Karlsruhe, Kehl, Mannheim und Colmar\/Neuf-Brisach zusammen. Gemeinsam haben sie eine bahnbrechende digitale L\u00f6sung geschaffen, die zur digitalen Transformation der Binnenschifffahrt beitr\u00e4gt.<\/p>\n\n<div class=\"wp-block-cover alignfull is-light\" style=\"min-height:450px;aspect-ratio:unset;\"><span aria-hidden=\"true\" class=\"wp-block-cover__background has-background-dim-0 has-background-dim\" style=\"background-color:#848da6\"><\/span><img loading=\"lazy\" decoding=\"async\" width=\"2560\" height=\"1707\" class=\"wp-block-cover__image-background wp-image-1907\" alt=\"\" src=\"https:\/\/www.upper-rhine-ports.eu\/wp-content\/uploads\/2024\/12\/Upper-Rhine-Ports-a-la-transport-logistics-2017-scaled.jpg\" style=\"object-position:46% 23%\" data-object-fit=\"cover\" data-object-position=\"46% 23%\" srcset=\"https:\/\/www.upper-rhine-ports.eu\/wp-content\/uploads\/2024\/12\/Upper-Rhine-Ports-a-la-transport-logistics-2017-scaled.jpg 2560w, https:\/\/www.upper-rhine-ports.eu\/wp-content\/uploads\/2024\/12\/Upper-Rhine-Ports-a-la-transport-logistics-2017-300x200.jpg 300w, https:\/\/www.upper-rhine-ports.eu\/wp-content\/uploads\/2024\/12\/Upper-Rhine-Ports-a-la-transport-logistics-2017-1024x683.jpg 1024w, https:\/\/www.upper-rhine-ports.eu\/wp-content\/uploads\/2024\/12\/Upper-Rhine-Ports-a-la-transport-logistics-2017-768x512.jpg 768w, https:\/\/www.upper-rhine-ports.eu\/wp-content\/uploads\/2024\/12\/Upper-Rhine-Ports-a-la-transport-logistics-2017-1536x1024.jpg 1536w, https:\/\/www.upper-rhine-ports.eu\/wp-content\/uploads\/2024\/12\/Upper-Rhine-Ports-a-la-transport-logistics-2017-2048x1365.jpg 2048w\" sizes=\"auto, (max-width: 2560px) 100vw, 2560px\" \/><div class=\"wp-block-cover__inner-container has-global-padding is-layout-constrained wp-block-cover-is-layout-constrained\">\n<p class=\"has-text-align-center has-large-font-size\"><\/p>\n<\/div><\/div>\n\n<h2 class=\"wp-block-heading\">Eine vielversprechende Zukunft dank RheinPorts<\/h2>\n\n<p>Heute entwickelt und vermarktet die RheinPorts GmbH diese innovative Plattform unter dem Namen <strong>River Ports Information System<\/strong> und ebnet damit den Weg f\u00fcr ein immer intelligenteres, nachhaltigeres und integrierteres Management der Logistikstr\u00f6me in Europa.<\/p>\n\n<p><strong>Erfahren Sie, wie die RPIS-Plattform die Zukunft der Binnenschifffahrt gestaltet und die H\u00e4fen am Oberrhein an das europ\u00e4ische Logistiknetzwerk von morgen anbindet!<\/strong>.<\/p>\n\n<div class=\"wp-block-buttons is-content-justification-center is-layout-flex wp-container-core-buttons-is-layout-a89b3969 wp-block-buttons-is-layout-flex\">\n<div class=\"wp-block-button\"><a class=\"wp-block-button__link wp-element-button\" href=\"https:\/\/rheinports.eu\/\">Erfahren Sie mehr \u00fcber RPIS<\/a><\/div>\n<\/div>\n\n<div style=\"height:100px\" aria-hidden=\"true\" class=\"wp-block-spacer\"><\/div>\n\n<figure class=\"wp-block-image size-large\"><img loading=\"lazy\" decoding=\"async\" width=\"1024\" height=\"143\" src=\"https:\/\/www.upper-rhine-ports.eu\/wp-content\/uploads\/2024\/12\/en_cef__-1024x143.png\" alt=\"\" class=\"wp-image-2050\" srcset=\"https:\/\/www.upper-rhine-ports.eu\/wp-content\/uploads\/2024\/12\/en_cef__-1024x143.png 1024w, https:\/\/www.upper-rhine-ports.eu\/wp-content\/uploads\/2024\/12\/en_cef__-300x42.png 300w, https:\/\/www.upper-rhine-ports.eu\/wp-content\/uploads\/2024\/12\/en_cef__-768x107.png 768w, https:\/\/www.upper-rhine-ports.eu\/wp-content\/uploads\/2024\/12\/en_cef__.png 1067w\" sizes=\"auto, (max-width: 1024px) 100vw, 1024px\" \/><\/figure>\n\n<p><\/p>\n","protected":false},"excerpt":{"rendered":"<p>Ein gro\u00dfer Schritt f\u00fcr die Digitalisierung von Binnenh\u00e4fen Von 2014 bis 2018 war das Pilotprojekt Upper Rhine Traffic Management Platform, das vom europ\u00e4ischen Programm CEF (Connecting Europe Facility) unterst\u00fctzt wurde, ein entscheidender Schritt f\u00fcr die H\u00e4fen am Oberrhein. Mit einem Budget von fast 2 Millionen Euro wurde im Rahmen dieses Projekts das RheinPorts Information System [&hellip;]<\/p>\n","protected":false},"author":1,"featured_media":0,"parent":0,"menu_order":0,"comment_status":"closed","ping_status":"closed","template":"","meta":{"_acf_changed":false,"inline_featured_image":false,"_uag_custom_page_level_css":"","footnotes":""},"folder":[],"class_list":["post-2301","page","type-page","status-publish","hentry"],"acf":[],"mb":[],"yoast_head":"<!-- This site is optimized with the Yoast SEO plugin v27.3 - https:\/\/yoast.com\/product\/yoast-seo-wordpress\/ -->\n<title>\u201eVerkehrsmanagementplattform Oberrhein\u201c - Upper Rhine Ports<\/title>\n<meta name=\"robots\" content=\"index, follow, max-snippet:-1, max-image-preview:large, max-video-preview:-1\" \/>\n<link rel=\"canonical\" href=\"https:\/\/www.upper-rhine-ports.eu\/de\/verkehrsmanagementplattform-oberrhein\/\" \/>\n<meta property=\"og:locale\" content=\"de_DE\" \/>\n<meta property=\"og:type\" content=\"article\" \/>\n<meta property=\"og:title\" content=\"\u201eVerkehrsmanagementplattform Oberrhein\u201c - Upper Rhine Ports\" \/>\n<meta property=\"og:description\" content=\"Ein gro\u00dfer Schritt f\u00fcr die Digitalisierung von Binnenh\u00e4fen Von 2014 bis 2018 war das Pilotprojekt Upper Rhine Traffic Management Platform, das vom europ\u00e4ischen Programm CEF (Connecting Europe Facility) unterst\u00fctzt wurde, ein entscheidender Schritt f\u00fcr die H\u00e4fen am Oberrhein. Mit einem Budget von fast 2 Millionen Euro wurde im Rahmen dieses Projekts das RheinPorts Information System [&hellip;]\" \/>\n<meta property=\"og:url\" content=\"https:\/\/www.upper-rhine-ports.eu\/de\/verkehrsmanagementplattform-oberrhein\/\" \/>\n<meta property=\"og:site_name\" content=\"Upper Rhine Ports\" \/>\n<meta property=\"article:modified_time\" content=\"2025-02-05T10:24:17+00:00\" \/>\n<meta property=\"og:image\" content=\"https:\/\/www.upper-rhine-ports.eu\/wp-content\/uploads\/2024\/12\/Upper-Rhine-Ports-Strasbourg-02-scaled.jpg\" \/>\n<meta name=\"twitter:card\" content=\"summary_large_image\" \/>\n<meta name=\"twitter:label1\" content=\"Gesch\u00e4tzte Lesezeit\" \/>\n\t<meta name=\"twitter:data1\" content=\"2\u00a0Minuten\" \/>\n<script type=\"application\/ld+json\" class=\"yoast-schema-graph\">{\"@context\":\"https:\\\/\\\/schema.org\",\"@graph\":[{\"@type\":\"WebPage\",\"@id\":\"https:\\\/\\\/www.upper-rhine-ports.eu\\\/de\\\/verkehrsmanagementplattform-oberrhein\\\/\",\"url\":\"https:\\\/\\\/www.upper-rhine-ports.eu\\\/de\\\/verkehrsmanagementplattform-oberrhein\\\/\",\"name\":\"\u201eVerkehrsmanagementplattform Oberrhein\u201c - Upper Rhine Ports\",\"isPartOf\":{\"@id\":\"https:\\\/\\\/www.upper-rhine-ports.eu\\\/de\\\/#website\"},\"primaryImageOfPage\":{\"@id\":\"https:\\\/\\\/www.upper-rhine-ports.eu\\\/de\\\/verkehrsmanagementplattform-oberrhein\\\/#primaryimage\"},\"image\":{\"@id\":\"https:\\\/\\\/www.upper-rhine-ports.eu\\\/de\\\/verkehrsmanagementplattform-oberrhein\\\/#primaryimage\"},\"thumbnailUrl\":\"https:\\\/\\\/www.upper-rhine-ports.eu\\\/wp-content\\\/uploads\\\/2024\\\/12\\\/Upper-Rhine-Ports-Strasbourg-02-scaled.jpg\",\"datePublished\":\"2024-09-11T08:04:20+00:00\",\"dateModified\":\"2025-02-05T10:24:17+00:00\",\"breadcrumb\":{\"@id\":\"https:\\\/\\\/www.upper-rhine-ports.eu\\\/de\\\/verkehrsmanagementplattform-oberrhein\\\/#breadcrumb\"},\"inLanguage\":\"de\",\"potentialAction\":[{\"@type\":\"ReadAction\",\"target\":[\"https:\\\/\\\/www.upper-rhine-ports.eu\\\/de\\\/verkehrsmanagementplattform-oberrhein\\\/\"]}]},{\"@type\":\"ImageObject\",\"inLanguage\":\"de\",\"@id\":\"https:\\\/\\\/www.upper-rhine-ports.eu\\\/de\\\/verkehrsmanagementplattform-oberrhein\\\/#primaryimage\",\"url\":\"https:\\\/\\\/www.upper-rhine-ports.eu\\\/wp-content\\\/uploads\\\/2024\\\/12\\\/Upper-Rhine-Ports-Strasbourg-02-scaled.jpg\",\"contentUrl\":\"https:\\\/\\\/www.upper-rhine-ports.eu\\\/wp-content\\\/uploads\\\/2024\\\/12\\\/Upper-Rhine-Ports-Strasbourg-02-scaled.jpg\"},{\"@type\":\"BreadcrumbList\",\"@id\":\"https:\\\/\\\/www.upper-rhine-ports.eu\\\/de\\\/verkehrsmanagementplattform-oberrhein\\\/#breadcrumb\",\"itemListElement\":[{\"@type\":\"ListItem\",\"position\":1,\"name\":\"Accueil\",\"item\":\"https:\\\/\\\/www.upper-rhine-ports.eu\\\/de\\\/\"},{\"@type\":\"ListItem\",\"position\":2,\"name\":\"\u201eVerkehrsmanagementplattform Oberrhein\u201c\"}]},{\"@type\":\"WebSite\",\"@id\":\"https:\\\/\\\/www.upper-rhine-ports.eu\\\/de\\\/#website\",\"url\":\"https:\\\/\\\/www.upper-rhine-ports.eu\\\/de\\\/\",\"name\":\"Upper Rhine Ports\",\"description\":\"\",\"publisher\":{\"@id\":\"https:\\\/\\\/www.upper-rhine-ports.eu\\\/de\\\/#organization\"},\"potentialAction\":[{\"@type\":\"SearchAction\",\"target\":{\"@type\":\"EntryPoint\",\"urlTemplate\":\"https:\\\/\\\/www.upper-rhine-ports.eu\\\/de\\\/?s={search_term_string}\"},\"query-input\":{\"@type\":\"PropertyValueSpecification\",\"valueRequired\":true,\"valueName\":\"search_term_string\"}}],\"inLanguage\":\"de\"},{\"@type\":\"Organization\",\"@id\":\"https:\\\/\\\/www.upper-rhine-ports.eu\\\/de\\\/#organization\",\"name\":\"Upper Rhine Ports\",\"url\":\"https:\\\/\\\/www.upper-rhine-ports.eu\\\/de\\\/\",\"logo\":{\"@type\":\"ImageObject\",\"inLanguage\":\"de\",\"@id\":\"https:\\\/\\\/www.upper-rhine-ports.eu\\\/de\\\/#\\\/schema\\\/logo\\\/image\\\/\",\"url\":\"https:\\\/\\\/www.upper-rhine-ports.eu\\\/wp-content\\\/uploads\\\/2025\\\/04\\\/URPlogo-1.png\",\"contentUrl\":\"https:\\\/\\\/www.upper-rhine-ports.eu\\\/wp-content\\\/uploads\\\/2025\\\/04\\\/URPlogo-1.png\",\"width\":300,\"height\":245,\"caption\":\"Upper Rhine Ports\"},\"image\":{\"@id\":\"https:\\\/\\\/www.upper-rhine-ports.eu\\\/de\\\/#\\\/schema\\\/logo\\\/image\\\/\"}}]}<\/script>\n<!-- \/ Yoast SEO plugin. -->","yoast_head_json":{"title":"\u201eVerkehrsmanagementplattform Oberrhein\u201c - Upper Rhine Ports","robots":{"index":"index","follow":"follow","max-snippet":"max-snippet:-1","max-image-preview":"max-image-preview:large","max-video-preview":"max-video-preview:-1"},"canonical":"https:\/\/www.upper-rhine-ports.eu\/de\/verkehrsmanagementplattform-oberrhein\/","og_locale":"de_DE","og_type":"article","og_title":"\u201eVerkehrsmanagementplattform Oberrhein\u201c - Upper Rhine Ports","og_description":"Ein gro\u00dfer Schritt f\u00fcr die Digitalisierung von Binnenh\u00e4fen Von 2014 bis 2018 war das Pilotprojekt Upper Rhine Traffic Management Platform, das vom europ\u00e4ischen Programm CEF (Connecting Europe Facility) unterst\u00fctzt wurde, ein entscheidender Schritt f\u00fcr die H\u00e4fen am Oberrhein. Mit einem Budget von fast 2 Millionen Euro wurde im Rahmen dieses Projekts das RheinPorts Information System [&hellip;]","og_url":"https:\/\/www.upper-rhine-ports.eu\/de\/verkehrsmanagementplattform-oberrhein\/","og_site_name":"Upper Rhine Ports","article_modified_time":"2025-02-05T10:24:17+00:00","og_image":[{"url":"https:\/\/www.upper-rhine-ports.eu\/wp-content\/uploads\/2024\/12\/Upper-Rhine-Ports-Strasbourg-02-scaled.jpg","type":"","width":"","height":""}],"twitter_card":"summary_large_image","twitter_misc":{"Gesch\u00e4tzte Lesezeit":"2\u00a0Minuten"},"schema":{"@context":"https:\/\/schema.org","@graph":[{"@type":"WebPage","@id":"https:\/\/www.upper-rhine-ports.eu\/de\/verkehrsmanagementplattform-oberrhein\/","url":"https:\/\/www.upper-rhine-ports.eu\/de\/verkehrsmanagementplattform-oberrhein\/","name":"\u201eVerkehrsmanagementplattform Oberrhein\u201c - Upper Rhine Ports","isPartOf":{"@id":"https:\/\/www.upper-rhine-ports.eu\/de\/#website"},"primaryImageOfPage":{"@id":"https:\/\/www.upper-rhine-ports.eu\/de\/verkehrsmanagementplattform-oberrhein\/#primaryimage"},"image":{"@id":"https:\/\/www.upper-rhine-ports.eu\/de\/verkehrsmanagementplattform-oberrhein\/#primaryimage"},"thumbnailUrl":"https:\/\/www.upper-rhine-ports.eu\/wp-content\/uploads\/2024\/12\/Upper-Rhine-Ports-Strasbourg-02-scaled.jpg","datePublished":"2024-09-11T08:04:20+00:00","dateModified":"2025-02-05T10:24:17+00:00","breadcrumb":{"@id":"https:\/\/www.upper-rhine-ports.eu\/de\/verkehrsmanagementplattform-oberrhein\/#breadcrumb"},"inLanguage":"de","potentialAction":[{"@type":"ReadAction","target":["https:\/\/www.upper-rhine-ports.eu\/de\/verkehrsmanagementplattform-oberrhein\/"]}]},{"@type":"ImageObject","inLanguage":"de","@id":"https:\/\/www.upper-rhine-ports.eu\/de\/verkehrsmanagementplattform-oberrhein\/#primaryimage","url":"https:\/\/www.upper-rhine-ports.eu\/wp-content\/uploads\/2024\/12\/Upper-Rhine-Ports-Strasbourg-02-scaled.jpg","contentUrl":"https:\/\/www.upper-rhine-ports.eu\/wp-content\/uploads\/2024\/12\/Upper-Rhine-Ports-Strasbourg-02-scaled.jpg"},{"@type":"BreadcrumbList","@id":"https:\/\/www.upper-rhine-ports.eu\/de\/verkehrsmanagementplattform-oberrhein\/#breadcrumb","itemListElement":[{"@type":"ListItem","position":1,"name":"Accueil","item":"https:\/\/www.upper-rhine-ports.eu\/de\/"},{"@type":"ListItem","position":2,"name":"\u201eVerkehrsmanagementplattform Oberrhein\u201c"}]},{"@type":"WebSite","@id":"https:\/\/www.upper-rhine-ports.eu\/de\/#website","url":"https:\/\/www.upper-rhine-ports.eu\/de\/","name":"Upper Rhine Ports","description":"","publisher":{"@id":"https:\/\/www.upper-rhine-ports.eu\/de\/#organization"},"potentialAction":[{"@type":"SearchAction","target":{"@type":"EntryPoint","urlTemplate":"https:\/\/www.upper-rhine-ports.eu\/de\/?s={search_term_string}"},"query-input":{"@type":"PropertyValueSpecification","valueRequired":true,"valueName":"search_term_string"}}],"inLanguage":"de"},{"@type":"Organization","@id":"https:\/\/www.upper-rhine-ports.eu\/de\/#organization","name":"Upper Rhine Ports","url":"https:\/\/www.upper-rhine-ports.eu\/de\/","logo":{"@type":"ImageObject","inLanguage":"de","@id":"https:\/\/www.upper-rhine-ports.eu\/de\/#\/schema\/logo\/image\/","url":"https:\/\/www.upper-rhine-ports.eu\/wp-content\/uploads\/2025\/04\/URPlogo-1.png","contentUrl":"https:\/\/www.upper-rhine-ports.eu\/wp-content\/uploads\/2025\/04\/URPlogo-1.png","width":300,"height":245,"caption":"Upper Rhine Ports"},"image":{"@id":"https:\/\/www.upper-rhine-ports.eu\/de\/#\/schema\/logo\/image\/"}}]}},"uagb_featured_image_src":{"full":false,"thumbnail":false,"medium":false,"medium_large":false,"large":false,"1536x1536":false,"2048x2048":false,"wp_grid_builder_size_1":false},"uagb_author_info":{"display_name":"adminlcdz","author_link":"https:\/\/www.upper-rhine-ports.eu\/de\/author\/adminlcdz\/"},"uagb_comment_info":0,"uagb_excerpt":"Ein gro\u00dfer Schritt f\u00fcr die Digitalisierung von Binnenh\u00e4fen Von 2014 bis 2018 war das Pilotprojekt Upper Rhine Traffic Management Platform, das vom europ\u00e4ischen Programm CEF (Connecting Europe Facility) unterst\u00fctzt wurde, ein entscheidender Schritt f\u00fcr die H\u00e4fen am Oberrhein. Mit einem Budget von fast 2 Millionen Euro wurde im Rahmen dieses Projekts das RheinPorts Information System&hellip;","mfb_rest_fields":["title","yoast_head","yoast_head_json","uagb_featured_image_src","uagb_author_info","uagb_comment_info","uagb_excerpt"],"_links":{"self":[{"href":"https:\/\/www.upper-rhine-ports.eu\/de\/wp-json\/wp\/v2\/pages\/2301","targetHints":{"allow":["GET"]}}],"collection":[{"href":"https:\/\/www.upper-rhine-ports.eu\/de\/wp-json\/wp\/v2\/pages"}],"about":[{"href":"https:\/\/www.upper-rhine-ports.eu\/de\/wp-json\/wp\/v2\/types\/page"}],"author":[{"embeddable":true,"href":"https:\/\/www.upper-rhine-ports.eu\/de\/wp-json\/wp\/v2\/users\/1"}],"replies":[{"embeddable":true,"href":"https:\/\/www.upper-rhine-ports.eu\/de\/wp-json\/wp\/v2\/comments?post=2301"}],"version-history":[{"count":3,"href":"https:\/\/www.upper-rhine-ports.eu\/de\/wp-json\/wp\/v2\/pages\/2301\/revisions"}],"predecessor-version":[{"id":2304,"href":"https:\/\/www.upper-rhine-ports.eu\/de\/wp-json\/wp\/v2\/pages\/2301\/revisions\/2304"}],"wp:attachment":[{"href":"https:\/\/www.upper-rhine-ports.eu\/de\/wp-json\/wp\/v2\/media?parent=2301"}],"wp:term":[{"taxonomy":"folder","embeddable":true,"href":"https:\/\/www.upper-rhine-ports.eu\/de\/wp-json\/wp\/v2\/folder?post=2301"}],"curies":[{"name":"wp","href":"https:\/\/api.w.org\/{rel}","templated":true}]}}